{"id":1466,"date":"2017-03-19T20:09:48","date_gmt":"2017-03-19T20:09:48","guid":{"rendered":"http:\/\/foxthemes.com\/web\/wp\/california\/?page_id=1466"},"modified":"2025-12-08T13:58:26","modified_gmt":"2025-12-08T12:58:26","slug":"about-us-2","status":"publish","type":"page","link":"https:\/\/new.pbc-koeln-sued.de\/?page_id=1466","title":{"rendered":"Der Verein"},"content":{"rendered":"<div class=\"wpb-content-wrapper\"><p>[vc_row full_width=&#8220;stretch_row&#8220; enable_ovarlay=&#8220;true&#8220; color_ovarlay=&#8220;rgba(0,0,0,0.6)&#8220; css=&#8220;.vc_custom_1751618630795{background-image: url(https:\/\/new.pbc-koeln-sued.de\/wp-content\/uploads\/2017\/06\/01_3-3.jpg?id=2129) !important;background-position: center !important;background-repeat: no-repeat !important;background-size: cover !important;}&#8220;][vc_column desctop_pb=&#8220;padd-md-b30&#8243; tablets_pb=&#8220;padd-sm-b0&#8243; mobile_pb=&#8220;padd-xs-b0&#8243;][billiard_heading title=&#8220;Der Verein&#8220; text_after_title=&#8220;Seit fast 40 Jahren im Herzen von K\u00f6ln&#8220; style_text=&#8220;light&#8220; font_size_text=&#8220;large-font&#8220; height_style=&#8220;custom&#8220; vert_center=&#8220;vert-center&#8220; height=&#8220;540&#8243; but_text_2=&#8220;Book Day Test&#8220; but_url_2=&#8220;#&#8220; but_text_1=&#8220;|||&#8220;][\/vc_column][\/vc_row][vc_row full_width=&#8220;stretch_row_content&#8220; desctop_pt=&#8220;padd-md-t80&#8243; desctop_pb=&#8220;padd-md-b40&#8243; css=&#8220;.vc_custom_1751622242149{background-position: center !important;background-repeat: no-repeat !important;background-size: cover !important;}&#8220;][vc_column tablets_pb=&#8220;padd-sm-b0&#8243; mobile_pb=&#8220;padd-xs-b0&#8243;][billiard_heading title=&#8220;\u00dcber uns&#8220; font_size_text=&#8220;medium-font&#8220; height_style=&#8220;custom&#8220; subtitle_styles=&#8220;custom&#8220; subtitle_google_fonts=&#8220;font_family:Abril%20Fatface%3Aregular|font_style:400%20regular%3A400%3Anormal&#8220; but_text_2=&#8220;Book Day Test&#8220; but_url_2=&#8220;#&#8220;][\/vc_column][\/vc_row][vc_row full_width=&#8220;stretch_row&#8220; css=&#8220;.vc_custom_1751618296360{background-position: center !important;background-repeat: no-repeat !important;background-size: cover !important;}&#8220;][vc_column desctop_pb=&#8220;padd-md-b30&#8243; tablets_pb=&#8220;padd-sm-b0&#8243; mobile_pb=&#8220;padd-xs-b0&#8243;][vc_column_text css=&#8220;&#8220;]Der PBC K\u00f6ln-S\u00fcd wurde am 01. August 1988 gegr\u00fcndet und ist seitdem ein fester Bestandteil der Billardszene in K\u00f6ln. Unser Clublokal ist das einladende Billardcaf\u00e9 Crazyball, das sich in der Trierer Stra\u00dfe 10, in unmittelbarer N\u00e4he des Barbarossaplatzes, befindet. Mit seiner gem\u00fctlichen Atmosph\u00e4re und den zahlreichen Billardtischen bietet das Crazyball die perfekte Umgebung f\u00fcr spannende Matches und gesellige Stunden.<\/p>\n<p>Aktuell z\u00e4hlt der PBC K\u00f6ln-S\u00fcd etwa 45 Mitglieder, die sich leidenschaftlich dem Billardspiel widmen. Der Gro\u00dfteil unserer Mitglieder ist aktiv am Spielbetrieb beteiligt und spielt in einer unserer Mannschaften. Ob Anf\u00e4nger oder Profi \u2013 bei uns ist jeder willkommen, der die Faszination f\u00fcr das Billardspiel teilt.<\/p>\n<p>Als Mitglied unseres Vereins profitierst du von besonderen Konditionen im Crazyball. Zus\u00e4tzlich zu den g\u00fcnstigen Preisen organisieren wir regelm\u00e4\u00dfig Turniere, Trainingssessions und gesellige Clubabende, bei denen der Spa\u00df und der Austausch untereinander im Vordergrund stehen.<\/p>\n<p>Unser Club ist nicht nur ein Ort zum Spielen, sondern auch ein Raum f\u00fcr Freundschaften und Gemeinschaft. Durch gemeinsame Aktivit\u00e4ten und Events st\u00e4rken wir den Zusammenhalt und f\u00f6rdern den sportlichen Ehrgeiz jedes Einzelnen.<\/p>\n<p>Wir freuen uns immer \u00fcber neue Mitglieder, die unsere Begeisterung f\u00fcr Billard teilen und Teil unserer Gemeinschaft werden m\u00f6chten. Komm vorbei und lerne uns kennen \u2013 wir freuen uns auf dich![\/vc_column_text][\/vc_column][\/vc_row][vc_row full_width=&#8220;stretch_row_content&#8220; desctop_pt=&#8220;padd-md-t80&#8243; desctop_pb=&#8220;padd-md-b40&#8243; css=&#8220;.vc_custom_1751622242149{background-position: center !important;background-repeat: no-repeat !important;background-size: cover !important;}&#8220;][vc_column tablets_pb=&#8220;padd-sm-b0&#8243; mobile_pb=&#8220;padd-xs-b0&#8243;][billiard_heading title=&#8220;Vorstand&#8220; font_size_text=&#8220;medium-font&#8220; height_style=&#8220;custom&#8220; subtitle_styles=&#8220;custom&#8220; subtitle_google_fonts=&#8220;font_family:Abril%20Fatface%3Aregular|font_style:400%20regular%3A400%3Anormal&#8220; but_text_2=&#8220;Book Day Test&#8220; but_url_2=&#8220;#&#8220;][\/vc_column][\/vc_row][vc_row][vc_column width=&#8220;1\/5&#8243;][vc_column_text css=&#8220;&#8220;]<\/p>\n<p style=\"text-align: center;\">1. Vorsitzender<br \/>\nHartmut &#8222;Haui&#8220; Ring<\/p>\n<p>[\/vc_column_text][\/vc_column][vc_column width=&#8220;1\/5&#8243;][vc_column_text css=&#8220;&#8220;]<\/p>\n<p style=\"text-align: center;\">2. Vorsitzender<br \/>\nAlexander Wierzoch<\/p>\n<p>[\/vc_column_text][\/vc_column][vc_column width=&#8220;1\/5&#8243;][vc_column_text css=&#8220;&#8220;]<\/p>\n<p style=\"text-align: center;\">Gesch\u00e4ftsf\u00fchrer<br \/>\nMoritz Breuer<\/p>\n<p>[\/vc_column_text][\/vc_column][vc_column width=&#8220;1\/5&#8243;][vc_column_text css=&#8220;&#8220;]<\/p>\n<p style=\"text-align: center;\">Sportwart<br \/>\nEmiliano Kamppeter<\/p>\n<p>[\/vc_column_text][\/vc_column][vc_column width=&#8220;1\/5&#8243;][vc_column_text css=&#8220;&#8220;]<\/p>\n<p style=\"text-align: center;\">Kassenwart<br \/>\nYang Liu<\/p>\n<p>[\/vc_column_text][\/vc_column][\/vc_row]<\/p>\n<\/div>","protected":false},"excerpt":{"rendered":"<p>[vc_row full_width=&#8220;stretch_row&#8220; enable_ovarlay=&#8220;true&#8220; color_ovarlay=&#8220;rgba(0,0,0,0.6)&#8220; css=&#8220;.vc_custom_1751618630795{background-image: url(https:\/\/new.pbc-koeln-sued.de\/wp-content\/uploads\/2017\/06\/01_3-3.jpg?id=2129) !important;background-position: center !important;background-repeat: no-repeat !important;background-size: cover !important;}&#8220;][vc_column desctop_pb=&#8220;padd-md-b30&#8243; tablets_pb=&#8220;padd-sm-b0&#8243; mobile_pb=&#8220;padd-xs-b0&#8243;][billiard_heading title=&#8220;Der Verein&#8220; text_after_title=&#8220;Seit fast 40 Jahren im Herzen von K\u00f6ln&#8220; style_text=&#8220;light&#8220; font_size_text=&#8220;large-font&#8220; height_style=&#8220;custom&#8220; vert_center=&#8220;vert-center&#8220; height=&#8220;540&#8243; but_text_2=&#8220;Book Day Test&#8220; but_url_2=&#8220;#&#8220; but_text_1=&#8220;|||&#8220;][\/vc_column][\/vc_row][vc_row full_width=&#8220;stretch_row_content&#8220; desctop_pt=&#8220;padd-md-t80&#8243; desctop_pb=&#8220;padd-md-b40&#8243; css=&#8220;.vc_custom_1751622242149{background-position: center !important;background-repeat: no-repeat !important;background-size: cover !important;}&#8220;][vc_column tablets_pb=&#8220;padd-sm-b0&#8243; mobile_pb=&#8220;padd-xs-b0&#8243;][billiard_heading title=&#8220;\u00dcber uns&#8220; font_size_text=&#8220;medium-font&#8220; height_style=&#8220;custom&#8220; subtitle_styles=&#8220;custom&#8220; subtitle_google_fonts=&#8220;font_family:Abril%20Fatface%3Aregular|font_style:400%20regular%3A400%3Anormal&#8220; but_text_2=&#8220;Book&#8230;<\/p>\n","protected":false},"author":1,"featured_media":0,"parent":0,"menu_order":0,"comment_status":"closed","ping_status":"closed","template":"","meta":{"footnotes":""},"class_list":["post-1466","page","type-page","status-publish","hentry"],"featured_image_src":"","featured_image_src_square":"","_links":{"self":[{"href":"https:\/\/new.pbc-koeln-sued.de\/index.php?rest_route=\/wp\/v2\/pages\/1466","targetHints":{"allow":["GET"]}}],"collection":[{"href":"https:\/\/new.pbc-koeln-sued.de\/index.php?rest_route=\/wp\/v2\/pages"}],"about":[{"href":"https:\/\/new.pbc-koeln-sued.de\/index.php?rest_route=\/wp\/v2\/types\/page"}],"author":[{"embeddable":true,"href":"https:\/\/new.pbc-koeln-sued.de\/index.php?rest_route=\/wp\/v2\/users\/1"}],"replies":[{"embeddable":true,"href":"https:\/\/new.pbc-koeln-sued.de\/index.php?rest_route=%2Fwp%2Fv2%2Fcomments&post=1466"}],"version-history":[{"count":10,"href":"https:\/\/new.pbc-koeln-sued.de\/index.php?rest_route=\/wp\/v2\/pages\/1466\/revisions"}],"predecessor-version":[{"id":2876,"href":"https:\/\/new.pbc-koeln-sued.de\/index.php?rest_route=\/wp\/v2\/pages\/1466\/revisions\/2876"}],"wp:attachment":[{"href":"https:\/\/new.pbc-koeln-sued.de\/index.php?rest_route=%2Fwp%2Fv2%2Fmedia&parent=1466"}],"curies":[{"name":"wp","href":"https:\/\/api.w.org\/{rel}","templated":true}]}}