{"id":2396,"date":"2017-06-29T14:54:48","date_gmt":"2017-06-29T14:54:48","guid":{"rendered":"https:\/\/billiard.foxthemes.me\/?page_id=2396"},"modified":"2025-12-08T15:37:54","modified_gmt":"2025-12-08T14:37:54","slug":"membership-2","status":"publish","type":"page","link":"https:\/\/new.pbc-koeln-sued.de\/?page_id=2396","title":{"rendered":"Mitgliedschaft"},"content":{"rendered":"<div class=\"wpb-content-wrapper\"><p>[vc_row full_width=&#8220;stretch_row&#8220; enable_ovarlay=&#8220;true&#8220; color_ovarlay=&#8220;rgba(0,0,0,0.6)&#8220; css=&#8220;.vc_custom_1498750015492{background-image: url(https:\/\/new.pbc-koeln-sued.de\/wp-content\/uploads\/2017\/06\/3-1-3.jpg?id=2408) !important;background-position: center !important;background-repeat: no-repeat !important;background-size: cover !important;}&#8220;][vc_column desctop_pb=&#8220;padd-md-b30&#8243; tablets_pb=&#8220;padd-sm-b0&#8243; mobile_pb=&#8220;padd-xs-b0&#8243;][billiard_heading title=&#8220;Mitgliedschaft&#8220; text_after_title=&#8220;Jetzt Mitglied werden&#8220; style_text=&#8220;light&#8220; font_size_text=&#8220;large-font&#8220; height_style=&#8220;custom&#8220; vert_center=&#8220;vert-center&#8220; height=&#8220;540&#8243; but_text_2=&#8220;Book Day Test&#8220; but_url_2=&#8220;#&#8220; but_text_1=&#8220;|||&#8220;][\/vc_column][\/vc_row][vc_row full_width=&#8220;stretch_row_content&#8220; desctop_pt=&#8220;padd-md-t80&#8243; desctop_pb=&#8220;padd-md-b40&#8243; css=&#8220;.vc_custom_1751628779848{background-position: center !important;background-repeat: no-repeat !important;background-size: cover !important;}&#8220;][vc_column tablets_pb=&#8220;padd-sm-b0&#8243; mobile_pb=&#8220;padd-xs-b0&#8243;][billiard_heading title=&#8220;Vorteile einer Mitgliedschaft&#8220; font_size_text=&#8220;medium-font&#8220; height_style=&#8220;custom&#8220; subtitle_styles=&#8220;custom&#8220; subtitle_google_fonts=&#8220;font_family:Abril%20Fatface%3Aregular|font_style:400%20regular%3A400%3Anormal&#8220; but_text_2=&#8220;Book Day Test&#8220; but_url_2=&#8220;#&#8220;][vc_row_inner][vc_column_inner][vc_column_text css=&#8220;&#8220;]<\/p>\n<h4><\/h4>\n<h4 style=\"text-align: center;\"><strong>Der Mitgliedsbeitrag betr\u00e4gt 18,- Euro pro Monat. Daf\u00fcr gibt&#8217;s:\u00a0<\/strong><\/h4>\n<p>[\/vc_column_text][\/vc_column_inner][\/vc_row_inner][\/vc_column][\/vc_row][vc_row][vc_column][vc_row_inner][vc_column_inner width=&#8220;1\/2&#8243;][billiard_icon_text title=&#8220;Verg\u00fcnstigte Tischpreise&#8220; icon_etline=&#8220;icon-wallet&#8220; position=&#8220;left&#8220; text=&#8220;Vereinsmitglieder zahlen weniger f\u00fcr die Tischzeit im Billardcaf\u00e9 Crazy Ball, und zwar:<\/p>\n<p>Sa\/So von 12-15h kostenlos<br \/>\nMo \u2013 Do und So bis 20 Uhr 4,20\u20ac\/h<br \/>\nMo \u2013 Do und So ab 20 Uhr 6\u20ac\/h<br \/>\nFr und Sa bis 18 Uhr 4,20\u20ac\/h<br \/>\nFr und Sa ab 18 Uhr 10,20\u20ac\/h&#8220;][\/vc_column_inner][vc_column_inner width=&#8220;1\/2&#8243;][billiard_icon_text title=&#8220;Teinahme an Wettbewerben&#8220; icon_etline=&#8220;icon-trophy&#8220; position=&#8220;left&#8220; text=&#8220;Mitglieder k\u00f6nnen am Spielbetrieb des Billard-Landesverbandes Mittleres Rheinland teilnehmen, z.B. in einer unserer Mannschaften oder auf Turnieren&#8220;][\/vc_column_inner][\/vc_row_inner][\/vc_column][\/vc_row][vc_row][vc_column][vc_row_inner][vc_column_inner width=&#8220;1\/2&#8243;][billiard_icon_text title=&#8220;Training f\u00fcr Anf\u00e4nger&#8220; icon_etline=&#8220;icon-target&#8220; position=&#8220;left&#8220; text=&#8220;Als Vereinsmitglied kannst du an unserem w\u00f6chentlichen Training f\u00fcr Anf\u00e4nger teilnehmen. Ein erfahrender Spieler zeigt dir \u00dcbungen und gibt dir Tipps und Tricks, wie du dein Spiel verbessern kannst.&#8220;][\/vc_column_inner][vc_column_inner width=&#8220;1\/2&#8243;][billiard_icon_text title=&#8220;Lebendige Vereinsatmosph\u00e4re&#8220; icon_etline=&#8220;icon-heart&#8220; position=&#8220;left&#8220; text=&#8220;Aktivit\u00e4ten rund ums Billard und viel gemeinsame Freude&#8220;][\/vc_column_inner][\/vc_row_inner][\/vc_column][\/vc_row][vc_row css=&#8220;.vc_custom_1751631659637{margin-top: 60px !important;}&#8220;][vc_column][billiard_heading title=&#8220;So wird man Mitglied&#8220; but_text_2=&#8220;Book Day Test&#8220; but_url_2=&#8220;#&#8220;][\/vc_column][\/vc_row][vc_row full_width=&#8220;stretch_row&#8220; desctop_pt=&#8220;padd-md-t110&#8243; desctop_pb=&#8220;padd-md-b65&#8243; css=&#8220;.vc_custom_1751618859191{background-position: center !important;background-repeat: no-repeat !important;background-size: cover !important;}&#8220;][vc_column width=&#8220;1\/2&#8243; tablets_pb=&#8220;padd-sm-b0&#8243; mobile_pb=&#8220;padd-xs-b0&#8243;][vc_column_text css=&#8220;&#8220;]<strong>Interessenten und neue Mitglieder sind bei uns immer willkommen!<\/strong><\/p>\n<p>Egal ob Anf\u00e4nger oder erfahrener Spieler, ob mit eigenem Queue oder ohne \u2013 bei uns steht der <strong>Spa\u00df am Spiel<\/strong> im Vordergrund. Wir teilen die Begeisterung f\u00fcr Billard und schaffen eine Umgebung, in der sich alle wohlf\u00fchlen. Unser Verein ist deshalb\u00a0 mehr als nur ein Ort zum Spielen, sondern eine lebendige Gemeinschaft, in der Freundschaften entstehen und sich alle gegenseitig unterst\u00fctzen \u2013 auf und neben dem Tisch.<\/p>\n<p>Du willst besser werden? Wir bieten regelm\u00e4\u00dfig <strong>Trainingsm\u00f6glichkeiten<\/strong>, Tipps von erfahrenen Spielern und Unterst\u00fctzung f\u00fcr alle, die ihr Spiel verbessern m\u00f6chten.<\/p>\n<p>Eine Teilnahme am <strong>Sportbetrieb in der Liga<\/strong> ist nicht zwingend \u2013 Du kannst auch ohne Wettkampfambitionen Mitglied werden.<\/p>\n<p>Der Einstieg in den Verein ist <strong>unkompliziert<\/strong>. F\u00fcr neue Mitglieder bieten wir nat\u00fcrlich einige Schnupperrunden an \u2013 Nimm gerne einige Male kostenlos am Training teil und entscheide dann, ob Du Mitglied werden m\u00f6chtest oder nicht.<\/p>\n<p>[\/vc_column_text][\/vc_column][vc_column width=&#8220;1\/2&#8243;][vc_column_text css=&#8220;&#8220;]<strong>Interessiert? So geht&#8217;s:<\/strong><\/p>\n<p>\ud83c\udfb1 Am besten Du nimmst einmal Kontakt zu einem Vorstandsmitglied auf. Das geht entweder \u00fcber das Kontaktformular oder Du schaust im Billardcaf\u00e9 Crazy Ball vorbei. Meistens sind z.B. Dienstagabend oder Samstag Mittag Ansprechpartner vor Ort.<\/p>\n<p>\ud83c\udfb1 Wir schauen gemeinsam, ob Du schon Erfahrung hast oder nicht und ob Du am Training teilnehmen m\u00f6chstest. Wenn ja, kannst Du gerne einige kostenlose Probestunden absolvieren.<\/p>\n<p>\ud83c\udfb1 Du f\u00fcllst den Mitgliedsantrag und die Datenschutzerkl\u00e4rung aus und reichst sie unterschrieben bei uns ein.[\/vc_column_text][\/vc_column][\/vc_row]<\/p>\n<\/div>","protected":false},"excerpt":{"rendered":"<p>[vc_row full_width=&#8220;stretch_row&#8220; enable_ovarlay=&#8220;true&#8220; color_ovarlay=&#8220;rgba(0,0,0,0.6)&#8220; css=&#8220;.vc_custom_1498750015492{background-image: url(https:\/\/new.pbc-koeln-sued.de\/wp-content\/uploads\/2017\/06\/3-1-3.jpg?id=2408) !important;background-position: center !important;background-repeat: no-repeat !important;background-size: cover !important;}&#8220;][vc_column desctop_pb=&#8220;padd-md-b30&#8243; tablets_pb=&#8220;padd-sm-b0&#8243; mobile_pb=&#8220;padd-xs-b0&#8243;][billiard_heading title=&#8220;Mitgliedschaft&#8220; text_after_title=&#8220;Jetzt Mitglied werden&#8220; style_text=&#8220;light&#8220; font_size_text=&#8220;large-font&#8220; height_style=&#8220;custom&#8220; vert_center=&#8220;vert-center&#8220; height=&#8220;540&#8243; but_text_2=&#8220;Book Day Test&#8220; but_url_2=&#8220;#&#8220; but_text_1=&#8220;|||&#8220;][\/vc_column][\/vc_row][vc_row full_width=&#8220;stretch_row_content&#8220; desctop_pt=&#8220;padd-md-t80&#8243; desctop_pb=&#8220;padd-md-b40&#8243; css=&#8220;.vc_custom_1751628779848{background-position: center !important;background-repeat: no-repeat !important;background-size: cover !important;}&#8220;][vc_column tablets_pb=&#8220;padd-sm-b0&#8243; mobile_pb=&#8220;padd-xs-b0&#8243;][billiard_heading title=&#8220;Vorteile einer Mitgliedschaft&#8220; font_size_text=&#8220;medium-font&#8220; height_style=&#8220;custom&#8220; subtitle_styles=&#8220;custom&#8220; subtitle_google_fonts=&#8220;font_family:Abril%20Fatface%3Aregular|font_style:400%20regular%3A400%3Anormal&#8220; but_text_2=&#8220;Book Day Test&#8220; but_url_2=&#8220;#&#8220;][vc_row_inner][vc_column_inner][vc_column_text css=&#8220;&#8220;] Der&#8230;<\/p>\n","protected":false},"author":1,"featured_media":0,"parent":0,"menu_order":0,"comment_status":"closed","ping_status":"closed","template":"","meta":{"footnotes":""},"class_list":["post-2396","page","type-page","status-publish","hentry"],"featured_image_src":"","featured_image_src_square":"","_links":{"self":[{"href":"https:\/\/new.pbc-koeln-sued.de\/index.php?rest_route=\/wp\/v2\/pages\/2396","targetHints":{"allow":["GET"]}}],"collection":[{"href":"https:\/\/new.pbc-koeln-sued.de\/index.php?rest_route=\/wp\/v2\/pages"}],"about":[{"href":"https:\/\/new.pbc-koeln-sued.de\/index.php?rest_route=\/wp\/v2\/types\/page"}],"author":[{"embeddable":true,"href":"https:\/\/new.pbc-koeln-sued.de\/index.php?rest_route=\/wp\/v2\/users\/1"}],"replies":[{"embeddable":true,"href":"https:\/\/new.pbc-koeln-sued.de\/index.php?rest_route=%2Fwp%2Fv2%2Fcomments&post=2396"}],"version-history":[{"count":9,"href":"https:\/\/new.pbc-koeln-sued.de\/index.php?rest_route=\/wp\/v2\/pages\/2396\/revisions"}],"predecessor-version":[{"id":2895,"href":"https:\/\/new.pbc-koeln-sued.de\/index.php?rest_route=\/wp\/v2\/pages\/2396\/revisions\/2895"}],"wp:attachment":[{"href":"https:\/\/new.pbc-koeln-sued.de\/index.php?rest_route=%2Fwp%2Fv2%2Fmedia&parent=2396"}],"curies":[{"name":"wp","href":"https:\/\/api.w.org\/{rel}","templated":true}]}}