{"id":2783,"date":"2025-05-29T12:28:19","date_gmt":"2025-05-29T10:28:19","guid":{"rendered":"https:\/\/new.pbc-koeln-sued.de\/?page_id=2783"},"modified":"2026-04-13T15:53:22","modified_gmt":"2026-04-13T13:53:22","slug":"home-org","status":"publish","type":"page","link":"https:\/\/new.pbc-koeln-sued.de\/","title":{"rendered":"Home"},"content":{"rendered":"<div class=\"wpb-content-wrapper\"><p>[vc_row full_width=&#8220;stretch_row&#8220; enable_ovarlay=&#8220;true&#8220; color_ovarlay=&#8220;rgba(0,0,0,0.15)&#8220; css=&#8220;.vc_custom_1765208127464{background-image: url(https:\/\/new.pbc-koeln-sued.de\/wp-content\/uploads\/2017\/05\/01-3.jpg?id=2041) !important;background-position: center !important;background-repeat: no-repeat !important;background-size: cover !important;}&#8220;][vc_column desctop_pb=&#8220;padd-md-b30&#8243; tablets_pb=&#8220;padd-sm-b0&#8243; mobile_pb=&#8220;padd-xs-b0&#8243; offset=&#8220;vc_col-md-offset-6 vc_col-md-6&#8243;][billiard_heading title=&#8220;Wir spielen Pool&#8220; text_after_title=&#8220;Der Billradverein im K\u00f6lner S\u00fcden&#8220; style_text=&#8220;light&#8220; font_size_text=&#8220;large-font&#8220; height_style=&#8220;large-height&#8220; vert_center=&#8220;vert-center&#8220; text_align=&#8220;left&#8220; but_url_1=&#8220;#&#8220; but_text_2=&#8220;Book Day Test&#8220; but_url_2=&#8220;#&#8220;][\/vc_column][\/vc_row][vc_row full_width=&#8220;stretch_row&#8220; desctop_pt=&#8220;padd-md-t110&#8243; desctop_pb=&#8220;padd-md-b80&#8243; tablets_pt=&#8220;padd-sm-t110&#8243; mobile_pt=&#8220;padd-xs-t50&#8243;][vc_column width=&#8220;2\/3&#8243; offset=&#8220;vc_col-md-6&#8243;][billiard_heading title=&#8220;Herzlich Willkommen!&#8220; subtitle=&#8220;Billard seit fast 40 Jahren!<\/p>\n<p>Den PBC K\u00f6ln-S\u00fcd gibt es seit dem 01.08.1988. Unser Clublokal ist das Billardcaf\u00e9 Crazyball in der Trierer Str. 10 in der N\u00e4he des Barbarossaplatzes.<br \/>\nDer PBC K\u00f6ln-S\u00fcd hat zurzeit ca. 45 Mitglieder, von denen die meisten am aktiven Spielbetrieb in einer unserer Mannschaften teilnimmt.<br \/>\nNat\u00fcrlich gibt es im Crazyball Billard besondere Konditionen f\u00fcr Vereinsmitglieder. N\u00e4here Infos findet Ihr hier.&#8220; text_align=&#8220;left&#8220; but_text_2=&#8220;Book Day Test&#8220; but_url_2=&#8220;#&#8220;][\/vc_column][\/vc_row]<\/p>\n<\/div>","protected":false},"excerpt":{"rendered":"<p>[vc_row full_width=&#8220;stretch_row&#8220; enable_ovarlay=&#8220;true&#8220; color_ovarlay=&#8220;rgba(0,0,0,0.15)&#8220; css=&#8220;.vc_custom_1765208127464{background-image: url(https:\/\/new.pbc-koeln-sued.de\/wp-content\/uploads\/2017\/05\/01-3.jpg?id=2041) !important;background-position: center !important;background-repeat: no-repeat !important;background-size: cover !important;}&#8220;][vc_column desctop_pb=&#8220;padd-md-b30&#8243; tablets_pb=&#8220;padd-sm-b0&#8243; mobile_pb=&#8220;padd-xs-b0&#8243; offset=&#8220;vc_col-md-offset-6 vc_col-md-6&#8243;][billiard_heading title=&#8220;Wir spielen Pool&#8220; text_after_title=&#8220;Der Billradverein im K\u00f6lner S\u00fcden&#8220; style_text=&#8220;light&#8220; font_size_text=&#8220;large-font&#8220; height_style=&#8220;large-height&#8220; vert_center=&#8220;vert-center&#8220; text_align=&#8220;left&#8220; but_url_1=&#8220;#&#8220; but_text_2=&#8220;Book Day Test&#8220; but_url_2=&#8220;#&#8220;][\/vc_column][\/vc_row][vc_row full_width=&#8220;stretch_row&#8220; desctop_pt=&#8220;padd-md-t110&#8243; desctop_pb=&#8220;padd-md-b80&#8243; tablets_pt=&#8220;padd-sm-t110&#8243; mobile_pt=&#8220;padd-xs-t50&#8243;][vc_column width=&#8220;2\/3&#8243; offset=&#8220;vc_col-md-6&#8243;][billiard_heading title=&#8220;Herzlich Willkommen!&#8220; subtitle=&#8220;Billard seit fast 40 Jahren! Den PBC K\u00f6ln-S\u00fcd gibt es&#8230;<\/p>\n","protected":false},"author":1,"featured_media":0,"parent":0,"menu_order":0,"comment_status":"closed","ping_status":"closed","template":"","meta":{"footnotes":""},"class_list":["post-2783","page","type-page","status-publish","hentry"],"featured_image_src":"","featured_image_src_square":"","_links":{"self":[{"href":"https:\/\/new.pbc-koeln-sued.de\/index.php?rest_route=\/wp\/v2\/pages\/2783","targetHints":{"allow":["GET"]}}],"collection":[{"href":"https:\/\/new.pbc-koeln-sued.de\/index.php?rest_route=\/wp\/v2\/pages"}],"about":[{"href":"https:\/\/new.pbc-koeln-sued.de\/index.php?rest_route=\/wp\/v2\/types\/page"}],"author":[{"embeddable":true,"href":"https:\/\/new.pbc-koeln-sued.de\/index.php?rest_route=\/wp\/v2\/users\/1"}],"replies":[{"embeddable":true,"href":"https:\/\/new.pbc-koeln-sued.de\/index.php?rest_route=%2Fwp%2Fv2%2Fcomments&post=2783"}],"version-history":[{"count":11,"href":"https:\/\/new.pbc-koeln-sued.de\/index.php?rest_route=\/wp\/v2\/pages\/2783\/revisions"}],"predecessor-version":[{"id":2934,"href":"https:\/\/new.pbc-koeln-sued.de\/index.php?rest_route=\/wp\/v2\/pages\/2783\/revisions\/2934"}],"wp:attachment":[{"href":"https:\/\/new.pbc-koeln-sued.de\/index.php?rest_route=%2Fwp%2Fv2%2Fmedia&parent=2783"}],"curies":[{"name":"wp","href":"https:\/\/api.w.org\/{rel}","templated":true}]}}