{"id":2886,"date":"2025-12-08T14:37:13","date_gmt":"2025-12-08T13:37:13","guid":{"rendered":"https:\/\/new.pbc-koeln-sued.de\/?page_id=2886"},"modified":"2026-04-13T15:38:45","modified_gmt":"2026-04-13T13:38:45","slug":"impressum-2","status":"publish","type":"page","link":"https:\/\/new.pbc-koeln-sued.de\/?page_id=2886","title":{"rendered":"Impressum"},"content":{"rendered":"<div class=\"wpb-content-wrapper\"><p>[vc_row full_width=&#8220;stretch_row&#8220; enable_ovarlay=&#8220;true&#8220; color_ovarlay=&#8220;rgba(0,0,0,0.6)&#8220; css=&#8220;.vc_custom_1765201200798{background-image: url(https:\/\/new.pbc-koeln-sued.de\/wp-content\/uploads\/2017\/06\/3-1-3.jpg?id=2408) !important;background-position: center !important;background-repeat: no-repeat !important;background-size: cover !important;}&#8220;][vc_column desctop_pb=&#8220;padd-md-b30&#8243; tablets_pb=&#8220;padd-sm-b0&#8243; mobile_pb=&#8220;padd-xs-b0&#8243;][billiard_heading style_text=&#8220;light&#8220; font_size_text=&#8220;large-font&#8220; height_style=&#8220;custom&#8220; vert_center=&#8220;vert-center&#8220; height=&#8220;540&#8243; but_text_2=&#8220;Book Day Test&#8220; but_url_2=&#8220;#&#8220;][\/vc_column][\/vc_row][vc_row][vc_column][vc_column_text css=&#8220;&#8220;]<\/p>\n<h2>Impressum<\/h2>\n<p>PBC K\u00f6ln S\u00fcd e.V.<br \/>\nTrierer Str. 10<br \/>\n50676 K\u00f6ln<br \/>\nVereinsregister: VR 10075<br \/>\nRegistergericht: Amtsgericht K\u00f6ln<\/p>\n<p>Vertreten durch:<br \/>\nHartmut Ring<\/p>\n<p>Kontakt:<\/p>\n<p>E-Mail: vorstand@pbc-koeln-sued.de<\/p>\n<p>Verbraucherstreitbeilegung\/Universalschlichtungsstelle<br \/>\nWir sind nicht bereit oder verpflichtet, an Streitbeilegungsverfahren vor einer<br \/>\nVerbraucherschlichtungsstelle teilzunehmen[\/vc_column_text][\/vc_column][\/vc_row]<\/p>\n<\/div>","protected":false},"excerpt":{"rendered":"<p>[vc_row full_width=&#8220;stretch_row&#8220; enable_ovarlay=&#8220;true&#8220; color_ovarlay=&#8220;rgba(0,0,0,0.6)&#8220; css=&#8220;.vc_custom_1765201200798{background-image: url(https:\/\/new.pbc-koeln-sued.de\/wp-content\/uploads\/2017\/06\/3-1-3.jpg?id=2408) !important;background-position: center !important;background-repeat: no-repeat !important;background-size: cover !important;}&#8220;][vc_column desctop_pb=&#8220;padd-md-b30&#8243; tablets_pb=&#8220;padd-sm-b0&#8243; mobile_pb=&#8220;padd-xs-b0&#8243;][billiard_heading style_text=&#8220;light&#8220; font_size_text=&#8220;large-font&#8220; height_style=&#8220;custom&#8220; vert_center=&#8220;vert-center&#8220; height=&#8220;540&#8243; but_text_2=&#8220;Book Day Test&#8220; but_url_2=&#8220;#&#8220;][\/vc_column][\/vc_row][vc_row][vc_column][vc_column_text css=&#8220;&#8220;] Impressum PBC K\u00f6ln S\u00fcd e.V. Trierer Str. 10 50676 K\u00f6ln Vereinsregister: VR 10075 Registergericht: Amtsgericht K\u00f6ln Vertreten durch: Hartmut Ring Kontakt: E-Mail: vorstand@pbc-koeln-sued.de Verbraucherstreitbeilegung\/Universalschlichtungsstelle Wir sind nicht bereit oder&#8230;<\/p>\n","protected":false},"author":2,"featured_media":0,"parent":0,"menu_order":0,"comment_status":"closed","ping_status":"closed","template":"","meta":{"footnotes":""},"class_list":["post-2886","page","type-page","status-publish","hentry"],"featured_image_src":"","featured_image_src_square":"","_links":{"self":[{"href":"https:\/\/new.pbc-koeln-sued.de\/index.php?rest_route=\/wp\/v2\/pages\/2886","targetHints":{"allow":["GET"]}}],"collection":[{"href":"https:\/\/new.pbc-koeln-sued.de\/index.php?rest_route=\/wp\/v2\/pages"}],"about":[{"href":"https:\/\/new.pbc-koeln-sued.de\/index.php?rest_route=\/wp\/v2\/types\/page"}],"author":[{"embeddable":true,"href":"https:\/\/new.pbc-koeln-sued.de\/index.php?rest_route=\/wp\/v2\/users\/2"}],"replies":[{"embeddable":true,"href":"https:\/\/new.pbc-koeln-sued.de\/index.php?rest_route=%2Fwp%2Fv2%2Fcomments&post=2886"}],"version-history":[{"count":8,"href":"https:\/\/new.pbc-koeln-sued.de\/index.php?rest_route=\/wp\/v2\/pages\/2886\/revisions"}],"predecessor-version":[{"id":2889,"href":"https:\/\/new.pbc-koeln-sued.de\/index.php?rest_route=\/wp\/v2\/pages\/2886\/revisions\/2889"}],"wp:attachment":[{"href":"https:\/\/new.pbc-koeln-sued.de\/index.php?rest_route=%2Fwp%2Fv2%2Fmedia&parent=2886"}],"curies":[{"name":"wp","href":"https:\/\/api.w.org\/{rel}","templated":true}]}}